{"id":907,"date":"2025-07-09T13:35:21","date_gmt":"2025-07-09T13:35:21","guid":{"rendered":"https:\/\/service.sachsen.schule\/sbs\/?page_id=907"},"modified":"2025-12-05T08:15:27","modified_gmt":"2025-12-05T08:15:27","slug":"aktuelle-mitteilungen","status":"publish","type":"page","link":"https:\/\/service.sachsen.schule\/sbs\/aktuelle-mitteilungen\/","title":{"rendered":"Aktuelle Mitteilungen"},"content":{"rendered":"\n\n\n\n\n<div class=\"wp-block-media-text has-media-on-the-right is-stacked-on-mobile\" style=\"grid-template-columns:auto 34%\"><div class=\"wp-block-media-text__content\">\n<p>05.12.2025<\/p>\n\n\n\n<h3 class=\"wp-block-heading\">ZUKUNFTSFLIEGER: Bundesweiter MINT-Wettbewerb f\u00fcr Grundschulkinder<\/h3>\n\n\n\n<p>Der aktuelle Wettbewerb l\u00e4dt Kinder dazu ein, eine Reise zum Jupiter zu unternehmen oder ihr eigenes Flugzeug der Zukunft zu entwerfen. Es k\u00f6nnen Klassen, AGs oder Lerngruppen teilnehmen \u2013 ebenso wie Familien und Freundesgruppen. <\/p>\n\n\n\n<p>Mehr Infos und Kontakt unter: <a href=\"https:\/\/www.zukunftsflieger.de\/wettbewerb\/\">https:\/\/www.zukunftsflieger.de\/wettbewerb\/<\/a><br>Einsendeschluss: 26. April 2026<\/p>\n<\/div><figure class=\"wp-block-media-text__media\"><img loading=\"lazy\" decoding=\"async\" width=\"1024\" height=\"576\" src=\"https:\/\/service.sachsen.schule\/sbs\/wp-content\/uploads\/2025\/12\/Beitragsbild-BDLI_Zukunftsflieger_YAEZ_20240617_web-1024x576.jpg\" alt=\"Materialien des BDLI\" class=\"wp-image-1303 size-full\" srcset=\"https:\/\/service.sachsen.schule\/sbs\/wp-content\/uploads\/2025\/12\/Beitragsbild-BDLI_Zukunftsflieger_YAEZ_20240617_web-1024x576.jpg 1024w, https:\/\/service.sachsen.schule\/sbs\/wp-content\/uploads\/2025\/12\/Beitragsbild-BDLI_Zukunftsflieger_YAEZ_20240617_web-300x169.jpg 300w, https:\/\/service.sachsen.schule\/sbs\/wp-content\/uploads\/2025\/12\/Beitragsbild-BDLI_Zukunftsflieger_YAEZ_20240617_web-768x432.jpg 768w, https:\/\/service.sachsen.schule\/sbs\/wp-content\/uploads\/2025\/12\/Beitragsbild-BDLI_Zukunftsflieger_YAEZ_20240617_web-1536x864.jpg 1536w, https:\/\/service.sachsen.schule\/sbs\/wp-content\/uploads\/2025\/12\/Beitragsbild-BDLI_Zukunftsflieger_YAEZ_20240617_web-2048x1152.jpg 2048w\" sizes=\"auto, (max-width: 1024px) 100vw, 1024px\" \/><\/figure><\/div>\n","protected":false},"excerpt":{"rendered":"<p>05.12.2025 ZUKUNFTSFLIEGER: Bundesweiter MINT-Wettbewerb f\u00fcr Grundschulkinder Der aktuelle Wettbewerb l\u00e4dt Kinder dazu ein, eine Reise zum Jupiter zu unternehmen oder ihr eigenes Flugzeug der Zukunft zu entwerfen. Es k\u00f6nnen Klassen, AGs oder Lerngruppen teilnehmen \u2013 ebenso wie Familien und Freundesgruppen. Mehr Infos und Kontakt unter: https:\/\/www.zukunftsflieger.de\/wettbewerb\/Einsendeschluss: 26. April 2026<\/p>\n","protected":false},"author":3,"featured_media":237,"parent":0,"menu_order":0,"comment_status":"closed","ping_status":"closed","template":"","meta":{"footnotes":""},"class_list":["post-907","page","type-page","status-publish","has-post-thumbnail","hentry"],"_links":{"self":[{"href":"https:\/\/service.sachsen.schule\/sbs\/wp-json\/wp\/v2\/pages\/907","targetHints":{"allow":["GET"]}}],"collection":[{"href":"https:\/\/service.sachsen.schule\/sbs\/wp-json\/wp\/v2\/pages"}],"about":[{"href":"https:\/\/service.sachsen.schule\/sbs\/wp-json\/wp\/v2\/types\/page"}],"author":[{"embeddable":true,"href":"https:\/\/service.sachsen.schule\/sbs\/wp-json\/wp\/v2\/users\/3"}],"replies":[{"embeddable":true,"href":"https:\/\/service.sachsen.schule\/sbs\/wp-json\/wp\/v2\/comments?post=907"}],"version-history":[{"count":32,"href":"https:\/\/service.sachsen.schule\/sbs\/wp-json\/wp\/v2\/pages\/907\/revisions"}],"predecessor-version":[{"id":1331,"href":"https:\/\/service.sachsen.schule\/sbs\/wp-json\/wp\/v2\/pages\/907\/revisions\/1331"}],"wp:featuredmedia":[{"embeddable":true,"href":"https:\/\/service.sachsen.schule\/sbs\/wp-json\/wp\/v2\/media\/237"}],"wp:attachment":[{"href":"https:\/\/service.sachsen.schule\/sbs\/wp-json\/wp\/v2\/media?parent=907"}],"curies":[{"name":"wp","href":"https:\/\/api.w.org\/{rel}","templated":true}]}}