{"id":649,"date":"2025-07-03T10:20:07","date_gmt":"2025-07-03T10:20:07","guid":{"rendered":"https:\/\/service.sachsen.schule\/sbs\/?page_id=649"},"modified":"2025-07-08T07:03:28","modified_gmt":"2025-07-08T07:03:28","slug":"geschichte-des-schulhomepage-projektes","status":"publish","type":"page","link":"https:\/\/service.sachsen.schule\/sbs\/geschichte-des-schulhomepage-projektes\/","title":{"rendered":"Geschichte des Schulhomepage-Projektes"},"content":{"rendered":"\n<p>Seit dem Bestehen des S\u00e4chsischen Bildungsservers 1995 bieten wir f\u00fcr s\u00e4chsische Schulen kostenlosen Webspace zur Gestaltung von Schulhomepages an. Gestartet ist der Bildungsserver mit einer Hand voll Schulen die unter dem Navigationspunkt &#8222;Schulen&#8220; (siehe Abb.) auf der damaligen Startseite zu finden waren. Mittlerweile unterst\u00fctzen wir ca. 800 s\u00e4chsische Schulen des gesamten Schulspektrums.&nbsp;<\/p>\n\n\n\n<p>In den letzten Jahren ist der qualitative Anspruch an Inhalt und technische Realisierung von Schulhomepages stark angewachsen. Diesem Anspruch gerecht zu werden, ist f\u00fcr einzelne Homepagebetreuer oder Lehrer kaum noch m\u00f6glich.&nbsp;<\/p>\n\n\n\n<p>&nbsp;Um Schulen in der Zukunft zumindest vom Programmieraufwand zu entlasten, haben wir 2008 beginnend ein Content-Management-System (CMS) installiert und schulspezifisch konfiguriert. Mit diesem &#8222;Homepagebaukasten&#8220; wird nun auch solchen Schulen die M\u00f6glichkeit der Gestaltung und Betreuung einer Homepage gegeben, die \u00fcber keine speziellen Informatik-Fachkollegen verf\u00fcgen. Damit wird der Schwerpunkt der Homepagebetreuung von der technischen Realisierung weg zur inhaltlichen Gestaltung hin verschoben.&nbsp;<\/p>\n\n\n\n<p>Seit dem Pilotprojekt aus dem Jahr 2009 nutzen sehr viele Schulen unsere TYPO3-CMS-Schulumgebung und entwickeln diese mit der Redaktion des S\u00e4chsischen Bildungsservers laufend weiter.<\/p>\n\n\n\n<h4 class=\"wp-block-heading\">Schulhomepages auf dem S\u00e4chsischen Bildungsserver<\/h4>\n\n\n\n<details class=\"wp-block-details is-layout-flow wp-block-details-is-layout-flow\"><summary>Geschichte des Schulhomepage-Projektes<\/summary>\n<figure class=\"wp-block-table\"><table class=\"has-fixed-layout\"><tbody><tr><td>seit 1995<\/td><td>&nbsp;Bereitstellung von kostenlosem Plattenplatz f\u00fcr Schulhomepages&nbsp;<\/td><td rowspan=\"9\">&nbsp;&nbsp;&nbsp;<\/td><\/tr><tr><td>seit 1999<\/td><td>&nbsp;Erweiterung des Angebotes durch MySQL-Datenbanken und php<br>&nbsp;Schulen k\u00f6nnen eigene CMS entwickeln oder fertige CMS installieren&nbsp;<\/td><\/tr><tr><td>&nbsp;2007&nbsp;<\/td><td>&nbsp;Entscheidung ein zentrales Schul-CMS auf dem S\u00e4chsischen Bildungsserver f\u00fcr s\u00e4chsische Schulen bereitzustellen<br>&nbsp;Recherche und Test verschiedener mandantenf\u00e4higer CMS&nbsp;<\/td><\/tr><tr><td>&nbsp;2008&nbsp;<\/td><td>&nbsp;Entwicklung eines schulspezifischen CMS auf Basis von TYPO3&nbsp;<\/td><\/tr><tr><td>&nbsp;Ende 2008&nbsp;<\/td><td>&nbsp;Start der Pilotphase Schul-CMS mit 10 Pilotschulen&nbsp;<\/td><\/tr><tr><td>&nbsp;16.12.2008&nbsp;<\/td><td>&nbsp;Informations- und Einf\u00fchrungsveranstaltung mit Vertretern der Pilotschulen&nbsp;<\/td><\/tr><tr><td>&nbsp;2009&nbsp;<\/td><td>&nbsp;intensive Entwicklungs- und Betreuungsarbeit mit den Pilotschulen<br>&nbsp; Einarbeitung von Anregungen und Hinweisen der Ansprechpartner der Pilotschulen<br>&nbsp; Entwicklung verschiedener Layouts f\u00fcr das Schul-CMS<br>&nbsp; Erweitung der Funktionalit\u00e4t des Schul-CMS<br>&nbsp; Erstellung von Hilfen und Anleitungen zum Schul-CMS&nbsp;<\/td><\/tr><tr><td>&nbsp;02.06.2009&nbsp;<\/td><td>&nbsp;Erfahrungsaustausch mit den beteiligten Pilotschulen<br>&nbsp; Evaluation der bisherigen Arbeiten an den einzelnen Schulhomepages der Pilotschulen<br>&nbsp; Workshop zu neuen Erweiterungen des Schul-CMS<\/td><\/tr><tr><td>&nbsp;Sep. 2010&nbsp;<\/td><td>&nbsp;Bereitstellung eines umfangreichen Handbuches zur Arbeit mit dem Schul-CMS<br>&nbsp;<\/td><\/tr><tr><td>&nbsp;Feb. 2012&nbsp;<\/td><td>&nbsp;neuer Layoutmanager<br>Damit stehen weitere Auswahlm\u00f6glichkeiten f\u00fcr ansprechende Layouts zur Verf\u00fcgung<\/td><\/tr><\/tbody><\/table><\/figure>\n<\/details>\n\n\n\n<div class=\"wp-block-buttons is-layout-flex wp-block-buttons-is-layout-flex\">\n<div class=\"wp-block-button\"><a class=\"wp-block-button__link wp-element-button\" href=\"https:\/\/service.sachsen.schule\/sbs\/schulhomepages-auf-dem-sbs\">Schulhomepages<\/a><\/div>\n\n\n\n<div class=\"wp-block-button\"><a class=\"wp-block-button__link wp-element-button\" href=\"https:\/\/service.sachsen.schule\/sbs\/der_saechsische_bildungsserver\/\">der SBS<\/a><\/div>\n<\/div>\n","protected":false},"excerpt":{"rendered":"<p>Seit dem Bestehen des S\u00e4chsischen Bildungsservers 1995 bieten wir f\u00fcr s\u00e4chsische Schulen kostenlosen Webspace zur Gestaltung von Schulhomepages an. Gestartet ist der Bildungsserver mit einer Hand voll Schulen die unter dem Navigationspunkt &#8222;Schulen&#8220; (siehe Abb.) auf der damaligen Startseite zu finden waren. Mittlerweile unterst\u00fctzen wir ca. 800 s\u00e4chsische Schulen des gesamten Schulspektrums.&nbsp; In den letzten [&hellip;]<\/p>\n","protected":false},"author":3,"featured_media":650,"parent":0,"menu_order":0,"comment_status":"closed","ping_status":"closed","template":"","meta":{"footnotes":""},"class_list":["post-649","page","type-page","status-publish","has-post-thumbnail","hentry"],"_links":{"self":[{"href":"https:\/\/service.sachsen.schule\/sbs\/wp-json\/wp\/v2\/pages\/649","targetHints":{"allow":["GET"]}}],"collection":[{"href":"https:\/\/service.sachsen.schule\/sbs\/wp-json\/wp\/v2\/pages"}],"about":[{"href":"https:\/\/service.sachsen.schule\/sbs\/wp-json\/wp\/v2\/types\/page"}],"author":[{"embeddable":true,"href":"https:\/\/service.sachsen.schule\/sbs\/wp-json\/wp\/v2\/users\/3"}],"replies":[{"embeddable":true,"href":"https:\/\/service.sachsen.schule\/sbs\/wp-json\/wp\/v2\/comments?post=649"}],"version-history":[{"count":5,"href":"https:\/\/service.sachsen.schule\/sbs\/wp-json\/wp\/v2\/pages\/649\/revisions"}],"predecessor-version":[{"id":667,"href":"https:\/\/service.sachsen.schule\/sbs\/wp-json\/wp\/v2\/pages\/649\/revisions\/667"}],"wp:featuredmedia":[{"embeddable":true,"href":"https:\/\/service.sachsen.schule\/sbs\/wp-json\/wp\/v2\/media\/650"}],"wp:attachment":[{"href":"https:\/\/service.sachsen.schule\/sbs\/wp-json\/wp\/v2\/media?parent=649"}],"curies":[{"name":"wp","href":"https:\/\/api.w.org\/{rel}","templated":true}]}}