{"id":631,"date":"2025-07-03T09:34:10","date_gmt":"2025-07-03T09:34:10","guid":{"rendered":"https:\/\/service.sachsen.schule\/sbs\/?page_id=631"},"modified":"2025-07-08T10:54:53","modified_gmt":"2025-07-08T10:54:53","slug":"nutzungsbedingungen","status":"publish","type":"page","link":"https:\/\/service.sachsen.schule\/sbs\/nutzungsbedingungen\/","title":{"rendered":"Nutzungsbedingungen"},"content":{"rendered":"\n<p>Die Nutzungsbedingungen f\u00fcr unsere Dienste finden Sie in diesem\u00a0<a href=\"https:\/\/service.sachsen.schule\/sbs\/wp-content\/uploads\/2025\/07\/Nutzungsbedingungen_SBS_2018.pdf\">PDF-Dokument<\/a>. Gegebenenfalls werden diese durch spezifizierte Nutzungsbedingungen f\u00fcr ausgew\u00e4hlte Dienste erg\u00e4nzt.<\/p>\n\n\n\n<div class=\"wp-block-buttons is-layout-flex wp-block-buttons-is-layout-flex\">\n<div class=\"wp-block-button\"><a class=\"wp-block-button__link wp-element-button\" href=\"https:\/\/service.sachsen.schule\/sbs\/wp-content\/uploads\/2025\/07\/Nutzungsbedingungen_SBS_2018.pdf\" target=\"_blank\" rel=\"noreferrer noopener\">Nutzungsbedingungen<\/a><\/div>\n<\/div>\n","protected":false},"excerpt":{"rendered":"<p>Die Nutzungsbedingungen f\u00fcr unsere Dienste finden Sie in diesem\u00a0PDF-Dokument. Gegebenenfalls werden diese durch spezifizierte Nutzungsbedingungen f\u00fcr ausgew\u00e4hlte Dienste erg\u00e4nzt.<\/p>\n","protected":false},"author":3,"featured_media":562,"parent":0,"menu_order":0,"comment_status":"closed","ping_status":"closed","template":"","meta":{"footnotes":""},"class_list":["post-631","page","type-page","status-publish","has-post-thumbnail","hentry"],"_links":{"self":[{"href":"https:\/\/service.sachsen.schule\/sbs\/wp-json\/wp\/v2\/pages\/631","targetHints":{"allow":["GET"]}}],"collection":[{"href":"https:\/\/service.sachsen.schule\/sbs\/wp-json\/wp\/v2\/pages"}],"about":[{"href":"https:\/\/service.sachsen.schule\/sbs\/wp-json\/wp\/v2\/types\/page"}],"author":[{"embeddable":true,"href":"https:\/\/service.sachsen.schule\/sbs\/wp-json\/wp\/v2\/users\/3"}],"replies":[{"embeddable":true,"href":"https:\/\/service.sachsen.schule\/sbs\/wp-json\/wp\/v2\/comments?post=631"}],"version-history":[{"count":5,"href":"https:\/\/service.sachsen.schule\/sbs\/wp-json\/wp\/v2\/pages\/631\/revisions"}],"predecessor-version":[{"id":879,"href":"https:\/\/service.sachsen.schule\/sbs\/wp-json\/wp\/v2\/pages\/631\/revisions\/879"}],"wp:featuredmedia":[{"embeddable":true,"href":"https:\/\/service.sachsen.schule\/sbs\/wp-json\/wp\/v2\/media\/562"}],"wp:attachment":[{"href":"https:\/\/service.sachsen.schule\/sbs\/wp-json\/wp\/v2\/media?parent=631"}],"curies":[{"name":"wp","href":"https:\/\/api.w.org\/{rel}","templated":true}]}}