{"id":628,"date":"2025-07-03T09:30:08","date_gmt":"2025-07-03T09:30:08","guid":{"rendered":"https:\/\/service.sachsen.schule\/sbs\/?page_id=628"},"modified":"2025-07-08T07:03:00","modified_gmt":"2025-07-08T07:03:00","slug":"barrierefreiheit","status":"publish","type":"page","link":"https:\/\/service.sachsen.schule\/sbs\/barrierefreiheit\/","title":{"rendered":"Barrierefreiheit"},"content":{"rendered":"\n<h1 class=\"wp-block-heading\">Erkl\u00e4rung zur Barrierefreiheit&nbsp;<\/h1>\n\n\n\n<p>Der S\u00e4chsische Bildungsserver ist bem\u00fcht, seine Websites barrierefrei zug\u00e4nglich zu machen.\u00a0<br><br>Rechtsgrundlage sind das Behindertengleichstellungsgesetz (BGG), das S\u00e4chsische Inklusionsgesetz (S\u00e4chsInklusG), das S\u00e4chsische E-Government-Gesetz (S\u00e4chsEGovG) sowie das Gesetz zur Umsetzung der Richtlinie (EU) 2016\/2102 \u00fcber den barrierefreien Zugang zu den Websites und mobilen Anwendungen \u00f6ffentlicher Stellen (Barrierefreie-Websites-Gesetz \u2013 BfWebG).\u00a0<br><br>Ma\u00dfstab f\u00fcr die Barrierefreiheit sind die Richtlinien f\u00fcr barrierefreie Webinhalte (WCAG \u2013 Web Content Accessibility Guidelines) 2.1 auf Level AA, die im als W3C Recommendation (Web Standard) ver\u00f6ffentlicht wurden (Kriterien der europ\u00e4ischen Norm EN 301 549, Version 2.1.2) sowie die weiterentwickelte BITV 2.0 (Barrierefreie Informationstechnik-Verordnung).\u00a0<br><br>Die Webseite beruht auf einer zentralen technischen Codebasis, die bereits mehrfach gepr\u00fcft und an die Anforderungen der Barrierefreiheit angepasst wurde. Sie ist derzeit nicht komplett mit den technischen Anforderungen gem\u00e4\u00df der Verordnung BITV 2.0 vereinbar. Unsere Codebasis wird regelm\u00e4\u00dfig \u00fcberarbeitet, um die Zug\u00e4nglichkeit der Seite weiter zu verbessern.\u00a0<br><br>Folgende Inhalte sind zum Teil nur eingeschr\u00e4nkt zug\u00e4nglich:\u00a0<br><br>\u00a0\u00a0\u00a0 PDF-Dokumente\u00a0<br>\u00a0\u00a0\u00a0 Kartenanwendungen\u00a0<br>\u00a0\u00a0\u00a0 eingebundene Social-Media-Inhalte\u00a0<br><br>Die Beseitigung dieser bekannten M\u00e4ngel wird derzeit geplant. Sobald diese Planung abgeschlossen ist, wird sie auf dieser Seite ver\u00f6ffentlicht.\u00a0<br><br>Diese Erkl\u00e4rung wurde am 03. Juli 2025 \u00fcberarbeitet.\u00a0<br><br>Kontakt\u00a0<br><br>Sollten Ihnen noch bestehende Barrieren in Bezug auf unsere Website auffallen oder Sie Informationen zu noch nicht barrierefreien Inhalten ben\u00f6tigen, senden Sie uns bitte eine E-Mail. Wir sind bem\u00fcht Ihnen schnellstm\u00f6glich zu antworten.\u00a0<br><br>E-Mail:\u00a0<a href=\"https:\/\/service.sachsen.schule\/sbs\/kontakt\/\">bildungsserver@sachsen.schule<\/a><br><br>Beauftragter der S\u00e4chsischen Staatsregierung f\u00fcr die Belange von Menschen mit Behinderungen\u00a0<br><br>Sollten Sie der Ansicht sein, durch eine nicht ausreichende barrierefreie Gestaltung unserer Webseiten benachteiligt zu sein oder von uns keine zufriedenstellende Antwort zu Anfragen bez\u00fcglich der Barrierefreiheit der Webseite erhalten zu haben, k\u00f6nnen Sie sich an folgende Stelle wenden:\u00a0<br><br>Beauftragter der S\u00e4chsischen Staatsregierung f\u00fcr die Belange von Menschen mit Behinderungen\u00a0<br><br>Besucheradresse:\u00a0<br>Albertstra\u00dfe 10\u00a0<br>01097 Dresden\u00a0<br>Postanschrift:\u00a0<br>Archivstra\u00dfe 1\u00a0<br>01097 Dresden\u00a0<br>Telefon:\u00a0<br>0351 564-12161\u00a0<br>E-Mail:\u00a0<br>info.behindertenbeauftragter@sk.sachsen.de<br>Webseite:\u00a0<br><a href=\"https:\/\/www.sk.sachsen.de\/behindertenbeauftragter-der-saechsischen-staatsregierung.html\" target=\"_blank\" rel=\"noreferrer noopener\">https:\/\/www.sk.sachsen.de\/behindertenbeauftragter-der-saechsischen-staatsregierung.html<\/a><\/p>\n","protected":false},"excerpt":{"rendered":"<p>Erkl\u00e4rung zur Barrierefreiheit&nbsp; Der S\u00e4chsische Bildungsserver ist bem\u00fcht, seine Websites barrierefrei zug\u00e4nglich zu machen.\u00a0 Rechtsgrundlage sind das Behindertengleichstellungsgesetz (BGG), das S\u00e4chsische Inklusionsgesetz (S\u00e4chsInklusG), das S\u00e4chsische E-Government-Gesetz (S\u00e4chsEGovG) sowie das Gesetz zur Umsetzung der Richtlinie (EU) 2016\/2102 \u00fcber den barrierefreien Zugang zu den Websites und mobilen Anwendungen \u00f6ffentlicher Stellen (Barrierefreie-Websites-Gesetz \u2013 BfWebG).\u00a0 Ma\u00dfstab f\u00fcr die Barrierefreiheit [&hellip;]<\/p>\n","protected":false},"author":3,"featured_media":34,"parent":0,"menu_order":0,"comment_status":"closed","ping_status":"closed","template":"","meta":{"footnotes":""},"class_list":["post-628","page","type-page","status-publish","has-post-thumbnail","hentry"],"_links":{"self":[{"href":"https:\/\/service.sachsen.schule\/sbs\/wp-json\/wp\/v2\/pages\/628","targetHints":{"allow":["GET"]}}],"collection":[{"href":"https:\/\/service.sachsen.schule\/sbs\/wp-json\/wp\/v2\/pages"}],"about":[{"href":"https:\/\/service.sachsen.schule\/sbs\/wp-json\/wp\/v2\/types\/page"}],"author":[{"embeddable":true,"href":"https:\/\/service.sachsen.schule\/sbs\/wp-json\/wp\/v2\/users\/3"}],"replies":[{"embeddable":true,"href":"https:\/\/service.sachsen.schule\/sbs\/wp-json\/wp\/v2\/comments?post=628"}],"version-history":[{"count":1,"href":"https:\/\/service.sachsen.schule\/sbs\/wp-json\/wp\/v2\/pages\/628\/revisions"}],"predecessor-version":[{"id":629,"href":"https:\/\/service.sachsen.schule\/sbs\/wp-json\/wp\/v2\/pages\/628\/revisions\/629"}],"wp:featuredmedia":[{"embeddable":true,"href":"https:\/\/service.sachsen.schule\/sbs\/wp-json\/wp\/v2\/media\/34"}],"wp:attachment":[{"href":"https:\/\/service.sachsen.schule\/sbs\/wp-json\/wp\/v2\/media?parent=628"}],"curies":[{"name":"wp","href":"https:\/\/api.w.org\/{rel}","templated":true}]}}