{"id":521,"date":"2025-07-01T11:09:41","date_gmt":"2025-07-01T11:09:41","guid":{"rendered":"https:\/\/service.sachsen.schule\/sbs\/?page_id=521"},"modified":"2025-12-17T08:06:53","modified_gmt":"2025-12-17T08:06:53","slug":"der_saechsische_bildungsserver","status":"publish","type":"page","link":"https:\/\/service.sachsen.schule\/sbs\/der_saechsische_bildungsserver\/","title":{"rendered":"Der S\u00e4chsische Bildungsserver"},"content":{"rendered":"\n<p>Der S\u00e4chsische Bildungsserver ist eine nicht kommerzielle Plattform zur Information, Kommunikation und Kooperation f\u00fcr alle an bildungspolitischen, p\u00e4dagogischen und schulfachlichen Fragen interessierten Personen, die die schulische Bildung und Freizeitgestaltung der Kinder und Jugendlichen unterst\u00fctzen.&nbsp;<\/p>\n\n\n\n<p>Die Inhalte stellen keine offiziellen Verlautbarungen des&nbsp;<a href=\"https:\/\/bildung.sachsen.de\" target=\"_blank\" rel=\"noreferrer noopener\">S\u00e4chsischen Staatsministeriums f\u00fcr Kultus<\/a>&nbsp;dar. F\u00fcr die Inhalte sind die jeweiligen Autoren selbst verantwortlich.<\/p>\n\n\n\n<p>Soweit im Einzelfall nicht anders geregelt und soweit nicht fremde Rechte betroffen sind, ist die Verbreitung der Dokumente dieses Angebots als Ganzes oder in Teilen in elektronischer und gedruckter Form f\u00fcr Zwecke von Schule und Weiterbildung erw\u00fcnscht, wenn Quelle (S\u00e4chsischer Bildungsserver) und URL (https:\/\/www.sachsen.schule) genannt werden. Ohne vorherige schriftliche Genehmigung ist eine kommerzielle Verbreitung der auf diesem Web-Angebot vorhandenen Dokumente ausdr\u00fccklich untersagt.&nbsp;<br>Da auf den Seiten des S\u00e4chsischen Bildungsservers verschiedene Verweise verwendet werden, beachten Sie bitte den&nbsp;<a href=\"https:\/\/service.sachsen.schule\/sbs\/rechtliche-hinweise\/\" data-type=\"page\" data-id=\"522\">Haftungsausschluss\/disclaimer<\/a>.&nbsp;<\/p>\n\n\n\n<p>Der S\u00e4chsische Bildungsserver beruht auf dem prototypischen Bildungsserver&nbsp;<a href=\"https:\/\/marvin.sn.schule.de\/is1102\/\" target=\"_blank\" rel=\"noreferrer noopener\">is1102<\/a>&nbsp;(&#8218;Schule im Netz&#8216; vom Dezember 1995) der TU Dresden und wurde im Oktober 1996 im Rahmen des Offenen Deutschen Schulnetz (<a href=\"https:\/\/www.schule.de\/\" target=\"_blank\" rel=\"noreferrer noopener\">ODS<\/a>) in&nbsp;<a href=\"https:\/\/marvin.sn.schule.de\/marvin_der_erste\/\" target=\"_blank\" rel=\"noreferrer noopener\">Betrieb<\/a> gesetzt.<\/p>\n\n\n\n<div class=\"wp-block-buttons is-layout-flex wp-block-buttons-is-layout-flex\">\n<div class=\"wp-block-button\"><a class=\"wp-block-button__link wp-element-button\" href=\"https:\/\/service.sachsen.schule\/sbs\/geschichte-des-schulhomepage-projektes\">Geschichte<\/a><\/div>\n\n\n\n<div class=\"wp-block-button\"><a class=\"wp-block-button__link wp-element-button\" href=\"https:\/\/www.schule.de\" target=\"_blank\" rel=\"noreferrer noopener\">ODS<\/a><\/div>\n\n\n\n<div class=\"wp-block-button\"><a class=\"wp-block-button__link wp-element-button\" href=\"https:\/\/service.sachsen.schule\/sbs\/wp-content\/uploads\/2025\/07\/SBS-1995.png\" target=\"_blank\" rel=\"noreferrer noopener\">Prototyp 1995<\/a><\/div>\n\n\n\n<div class=\"wp-block-button\"><a class=\"wp-block-button__link wp-element-button\" href=\"https:\/\/service.sachsen.schule\/sbs\/wp-content\/uploads\/2025\/07\/SBS-1996.png\" target=\"_blank\" rel=\"noreferrer noopener\">SBS 1996<\/a><\/div>\n\n\n\n<div class=\"wp-block-button\"><a class=\"wp-block-button__link wp-element-button\" href=\"https:\/\/service.sachsen.schule\/sbs\/wp-content\/uploads\/2025\/07\/SBS-2000.png\" target=\"_blank\" rel=\"noreferrer noopener\">SBS 2000<\/a><\/div>\n\n\n\n<div class=\"wp-block-button\"><a class=\"wp-block-button__link wp-element-button\" href=\"https:\/\/service.sachsen.schule\/sbs\/wp-content\/uploads\/2025\/07\/SBS-2004.png\" target=\"_blank\" rel=\"noreferrer noopener\">SBS 2004<\/a><\/div>\n\n\n\n<div class=\"wp-block-button\"><a class=\"wp-block-button__link wp-element-button\" href=\"https:\/\/service.sachsen.schule\/sbs\/wp-content\/uploads\/2025\/07\/SBS-2006.png\" target=\"_blank\" rel=\"noreferrer noopener\">SBS 2006<\/a><\/div>\n\n\n\n<div class=\"wp-block-button\"><a class=\"wp-block-button__link wp-element-button\" href=\"https:\/\/service.sachsen.schule\/sbs\/wp-content\/uploads\/2025\/07\/SBS-2012.png\" target=\"_blank\" rel=\"noreferrer noopener\">SBS ab 2010<\/a><\/div>\n\n\n\n<div class=\"wp-block-button\"><a class=\"wp-block-button__link wp-element-button\" href=\"https:\/\/service.sachsen.schule\/archiv\/sbs\/startseite\/index-archiv.html\">SBS Archiv 2025<\/a><\/div>\n\n\n\n<div class=\"wp-block-button\"><a class=\"wp-block-button__link wp-element-button\" href=\"https:\/\/service.sachsen.schule\/sbs\">SBS ab 2025<\/a><\/div>\n<\/div>\n","protected":false},"excerpt":{"rendered":"<p>Der S\u00e4chsische Bildungsserver ist eine nicht kommerzielle Plattform zur Information, Kommunikation und Kooperation f\u00fcr alle an bildungspolitischen, p\u00e4dagogischen und schulfachlichen Fragen interessierten Personen, die die schulische Bildung und Freizeitgestaltung der Kinder und Jugendlichen unterst\u00fctzen.&nbsp; Die Inhalte stellen keine offiziellen Verlautbarungen des&nbsp;S\u00e4chsischen Staatsministeriums f\u00fcr Kultus&nbsp;dar. F\u00fcr die Inhalte sind die jeweiligen Autoren selbst verantwortlich. Soweit im [&hellip;]<\/p>\n","protected":false},"author":3,"featured_media":562,"parent":0,"menu_order":0,"comment_status":"closed","ping_status":"closed","template":"","meta":{"footnotes":""},"class_list":["post-521","page","type-page","status-publish","has-post-thumbnail","hentry"],"_links":{"self":[{"href":"https:\/\/service.sachsen.schule\/sbs\/wp-json\/wp\/v2\/pages\/521","targetHints":{"allow":["GET"]}}],"collection":[{"href":"https:\/\/service.sachsen.schule\/sbs\/wp-json\/wp\/v2\/pages"}],"about":[{"href":"https:\/\/service.sachsen.schule\/sbs\/wp-json\/wp\/v2\/types\/page"}],"author":[{"embeddable":true,"href":"https:\/\/service.sachsen.schule\/sbs\/wp-json\/wp\/v2\/users\/3"}],"replies":[{"embeddable":true,"href":"https:\/\/service.sachsen.schule\/sbs\/wp-json\/wp\/v2\/comments?post=521"}],"version-history":[{"count":10,"href":"https:\/\/service.sachsen.schule\/sbs\/wp-json\/wp\/v2\/pages\/521\/revisions"}],"predecessor-version":[{"id":1369,"href":"https:\/\/service.sachsen.schule\/sbs\/wp-json\/wp\/v2\/pages\/521\/revisions\/1369"}],"wp:featuredmedia":[{"embeddable":true,"href":"https:\/\/service.sachsen.schule\/sbs\/wp-json\/wp\/v2\/media\/562"}],"wp:attachment":[{"href":"https:\/\/service.sachsen.schule\/sbs\/wp-json\/wp\/v2\/media?parent=521"}],"curies":[{"name":"wp","href":"https:\/\/api.w.org\/{rel}","templated":true}]}}