{"id":496,"date":"2025-07-01T08:47:49","date_gmt":"2025-07-01T08:47:49","guid":{"rendered":"https:\/\/service.sachsen.schule\/sbs\/?page_id=496"},"modified":"2026-02-12T08:11:22","modified_gmt":"2026-02-12T08:11:22","slug":"impressum","status":"publish","type":"page","link":"https:\/\/service.sachsen.schule\/sbs\/impressum\/","title":{"rendered":"Impressum"},"content":{"rendered":"\n<div class=\"wp-block-columns alignwide is-layout-flex wp-container-core-columns-is-layout-28f84493 wp-block-columns-is-layout-flex\">\n<div class=\"wp-block-column is-layout-flow wp-block-column-is-layout-flow\">\n<p><strong>Informationen nach \u00a7 5 DDG und \u00a7 18 Abs. 2 MStV<\/strong><\/p>\n\n\n\n<p>Sie befinden sich auf dem Serviceportal des S\u00e4chsischen Bildungsservers, einem Gemeinschaftsprojekt der <a href=\"https:\/\/tu-dresden.de\" target=\"_blank\" rel=\"noreferrer noopener nofollow\">Technischen Universit\u00e4t Dresden<\/a> und des <a href=\"https:\/\/smk.sachsen.de\" target=\"_blank\" rel=\"noreferrer noopener nofollow\">S\u00e4chsischen Staatsministeriums f\u00fcr Kultus<\/a>.<\/p>\n\n\n\n<h6 class=\"wp-block-heading\"><strong>Anbieterkennzeichnung<\/strong><\/h6>\n\n\n\n<p>Freistaat Sachsen<\/p>\n\n\n\n<p>S\u00e4chsisches Staatsministerium f\u00fcr Kultus<\/p>\n\n\n\n<p>Postanschrift:<br>Postfach 10 09 10<br>01079 Dresden<\/p>\n\n\n\n<p>Telefon: +49 (0) 351 564 0<\/p>\n\n\n\n<p>Der Freistaat Sachsen ist eine K\u00f6rperschaft des \u00d6ffentlichen Rechts.<br>Er wird vertreten durch den Ministerpr\u00e4sidenten Michael Kretschmer.<\/p>\n\n\n\n<p><\/p>\n\n\n\n<p><strong>Vertreten durch:<\/strong>&nbsp;Projektgruppe Serviceportal<\/p>\n\n\n\n<p>Technik: Uwe Schoffer<br>Redaktion: Klaus Thu\u00df, Robert P\u00fcschner<\/p>\n\n\n\n<p>S\u00e4chsischer Bildungsserver<br>Projektgruppe Serviceportal<br>Postfach 10 09 10<br>01079 Dresden<br>Deutschland<\/p>\n\n\n\n<p><strong>Kontakt:<\/strong><br>Telefon: +49(0)351 463 38512<br>E-Mail:&nbsp;<a href=\"https:\/\/service.sachsen.schule\/sbs\/kontakt\/\">bildungsserver@sachsen.schule<\/a><\/p>\n\n\n\n<p><\/p>\n\n\n\n<p>Der S\u00e4chsische Bildungsserver ist eine nicht kommerzielle Plattform zur Information, Kommunikation und Kooperation f\u00fcr alle an bildungspolitischen, p\u00e4dagogischen und schulfachlichen Fragen interessierten Personen, die die schulische Bildung und Freizeitgestaltung der Kinder und Jugendlichen unterst\u00fctzen.<br>Die Inhalte stellen keine offiziellen Verlautbarungen des S\u00e4chsischen Staatsministeriums f\u00fcr Kultus dar. F\u00fcr die Inhalte sind die jeweiligen Autoren selbst verantwortlich.<br>Soweit im Einzelfall nicht anders geregelt und soweit nicht fremde Rechte betroffen sind, ist die Verbreitung der Dokumente dieses Angebots als Ganzes oder in Teilen in elektronischer und gedruckter Form f\u00fcr Zwecke von Schule und Weiterbildung erw\u00fcnscht, wenn Quelle (S\u00e4chsischer Bildungsserver) und URL (https:\/\/www.sachsen.schule) genannt werden. Ohne vorherige schriftliche Genehmigung ist eine kommerzielle Verbreitung der auf diesem Web-Angebot vorhandenen Dokumente ausdr\u00fccklich untersagt.<\/p>\n\n\n\n<p><strong>Haftungsausschluss<\/strong><\/p>\n\n\n\n<p><strong>Haftung f\u00fcr Links:<\/strong><br>Unser Angebot enth\u00e4lt Links zu externen Webseiten Dritter, auf deren Inhalte wir keinen Einfluss haben. Deshalb k\u00f6nnen wir f\u00fcr diese fremden Inhalte auch keine Gew\u00e4hr \u00fcbernehmen. F\u00fcr die Inhalte der verlinkten Seiten ist stets der jeweilige Anbieter oder Betreiber der Seiten verantwortlich. Die verlinkten Seiten wurden zum Zeitpunkt der Verlinkung auf m\u00f6gliche Rechtsverst\u00f6\u00dfe \u00fcberpr\u00fcft. Rechtswidrige Inhalte waren zum Zeitpunkt der Verlinkung nicht erkennbar. Eine permanente inhaltliche Kontrolle der verlinkten Seiten ist jedoch ohne konkrete Anhaltspunkte einer Rechtsverletzung nicht zumutbar. Bei Bekanntwerden von Rechtsverletzungen werden wir derartige Links umgehend entfernen.<\/p>\n\n\n\n<p><strong>Haftung f\u00fcr Inhalt:<\/strong><br>Die Inhalte unserer Seiten wurden mit gr\u00f6\u00dfter Sorgfalt erstellt. F\u00fcr die Richtigkeit, Vollst\u00e4ndigkeit und Aktualit\u00e4t der Inhalte k\u00f6nnen wir jedoch keine Gew\u00e4hr \u00fcbernehmen. Als Diensteanbieter sind wir gem\u00e4\u00df \u00a7 5 DDG f\u00fcr eigene Inhalte auf diesen Seiten nach den allgemeinen Gesetzen verantwortlich. Nach \u00a7 5 DDG sind wir als Diensteanbieter jedoch nicht verpflichtet, \u00fcbermittelte oder gespeicherte fremde Informationen zu \u00fcberwachen oder nach Umst\u00e4nden zu forschen, die auf eine rechtswidrige T\u00e4tigkeit hinweisen. Verpflichtungen zur Entfernung oder Sperrung der Nutzung von Informationen nach den allgemeinen Gesetzen bleiben hiervon unber\u00fchrt. Eine diesbez\u00fcgliche Haftung ist jedoch erst ab dem Zeitpunkt der Kenntnis einer konkreten Rechtsverletzung m\u00f6glich. Bei Bekanntwerden von entsprechenden Rechtsverletzungen werden wir diese Inhalte umgehend entfernen.<\/p>\n\n\n\n<p><strong>Urheberrecht<\/strong><br>Die durch die Seitenbetreiber erstellten Inhalte und Werke auf diesen Seiten unterliegen dem deutschen Urheberrecht. Die Vervielf\u00e4ltigung, Bearbeitung, Verbreitung und jede Art der Verwertung au\u00dferhalb der Grenzen des Urheberrechtes bed\u00fcrfen der schriftlichen Zustimmung des jeweiligen Autors bzw. Erstellers. Downloads und Kopien dieser Seite sind nur f\u00fcr den privaten, nicht kommerziellen Gebrauch gestattet. Soweit die Inhalte auf dieser Seite nicht vom Betreiber erstellt wurden, werden die Urheberrechte Dritter beachtet. Insbesondere werden Inhalte Dritter als solche gekennzeichnet. Sollten Sie trotzdem auf eine Urheberrechtsverletzung aufmerksam werden, bitten wir um einen entsprechenden Hinweis. Bei Bekanntwerden von Rechtsverletzungen werden wir derartige Inhalte umgehend entfernen.<\/p>\n<\/div>\n<\/div>\n\n\n\n<div class=\"wp-block-buttons is-layout-flex wp-block-buttons-is-layout-flex\">\n<div class=\"wp-block-button\"><a class=\"wp-block-button__link wp-element-button\" href=\"https:\/\/service.sachsen.schule\/sbs\/datenschutzerklaerung\/\">Datenschutzerkl\u00e4rung<\/a><\/div>\n\n\n\n<div class=\"wp-block-button\"><a class=\"wp-block-button__link wp-element-button\" href=\"https:\/\/service.sachsen.schule\/sbs\/barrierefreiheit\/\">Barrierefreiheit<\/a><\/div>\n\n\n\n<div class=\"wp-block-button\"><a class=\"wp-block-button__link wp-element-button\" href=\"https:\/\/service.sachsen.schule\/sbs\/kontakt\/\">Kontakt<\/a><\/div>\n<\/div>\n","protected":false},"excerpt":{"rendered":"<p>Informationen nach \u00a7 5 DDG und \u00a7 18 Abs. 2 MStV Sie befinden sich auf dem Serviceportal des S\u00e4chsischen Bildungsservers, einem Gemeinschaftsprojekt der Technischen Universit\u00e4t Dresden und des S\u00e4chsischen Staatsministeriums f\u00fcr Kultus. Anbieterkennzeichnung Freistaat Sachsen S\u00e4chsisches Staatsministerium f\u00fcr Kultus Postanschrift:Postfach 10 09 1001079 Dresden Telefon: +49 (0) 351 564 0 Der Freistaat Sachsen ist eine [&hellip;]<\/p>\n","protected":false},"author":3,"featured_media":643,"parent":0,"menu_order":0,"comment_status":"closed","ping_status":"closed","template":"","meta":{"footnotes":""},"class_list":["post-496","page","type-page","status-publish","has-post-thumbnail","hentry"],"_links":{"self":[{"href":"https:\/\/service.sachsen.schule\/sbs\/wp-json\/wp\/v2\/pages\/496","targetHints":{"allow":["GET"]}}],"collection":[{"href":"https:\/\/service.sachsen.schule\/sbs\/wp-json\/wp\/v2\/pages"}],"about":[{"href":"https:\/\/service.sachsen.schule\/sbs\/wp-json\/wp\/v2\/types\/page"}],"author":[{"embeddable":true,"href":"https:\/\/service.sachsen.schule\/sbs\/wp-json\/wp\/v2\/users\/3"}],"replies":[{"embeddable":true,"href":"https:\/\/service.sachsen.schule\/sbs\/wp-json\/wp\/v2\/comments?post=496"}],"version-history":[{"count":6,"href":"https:\/\/service.sachsen.schule\/sbs\/wp-json\/wp\/v2\/pages\/496\/revisions"}],"predecessor-version":[{"id":1543,"href":"https:\/\/service.sachsen.schule\/sbs\/wp-json\/wp\/v2\/pages\/496\/revisions\/1543"}],"wp:featuredmedia":[{"embeddable":true,"href":"https:\/\/service.sachsen.schule\/sbs\/wp-json\/wp\/v2\/media\/643"}],"wp:attachment":[{"href":"https:\/\/service.sachsen.schule\/sbs\/wp-json\/wp\/v2\/media?parent=496"}],"curies":[{"name":"wp","href":"https:\/\/api.w.org\/{rel}","templated":true}]}}