{"id":1127,"date":"2025-09-02T15:22:30","date_gmt":"2025-09-02T15:22:30","guid":{"rendered":"https:\/\/service.sachsen.schule\/sbs\/?page_id=1127"},"modified":"2025-11-28T07:11:13","modified_gmt":"2025-11-28T07:11:13","slug":"beantragen","status":"publish","type":"page","link":"https:\/\/service.sachsen.schule\/sbs\/beantragen\/","title":{"rendered":"Beantragung"},"content":{"rendered":"\n<div class=\"wp-block-columns is-layout-flex wp-container-core-columns-is-layout-28f84493 wp-block-columns-is-layout-flex\">\n<div class=\"wp-block-column is-vertically-aligned-center is-layout-flow wp-block-column-is-layout-flow\">\n<h2 class=\"wp-block-heading alignwide has-medium-font-size\">Der SBS (S\u00e4chsischer Bildungsserver) bietet eine Vielzahl von Diensten zur Unterst\u00fctzung von Schulen in Sachsen an.<\/h2>\n\n\n\n<blockquote class=\"wp-block-quote alignwide has-text-align-left is-style-default is-layout-flow wp-block-quote-is-layout-flow\">\n<p class=\"has-small-font-size\">Im Mittelpunkt steht unser <strong>SchulCMS<\/strong> ein  <strong>Homepagebaukasten<\/strong>, der auf dem Content-Management-System TYPO3 basiert. Dieser erm\u00f6glicht es Schulen, ihre Webseiten eigenst\u00e4ndig zu gestalten und zu verwalten, ohne dass umfangreiche Programmierkenntnisse erforderlich sind. Die zentral vom SBS gepflegte Infrastruktur sorgt daf\u00fcr, dass \u00c4nderungen jederzeit von jedem Internetzugang aus vorgenommen werden k\u00f6nnen, was den Aufwand f\u00fcr die Schulen gering h\u00e4lt.<\/p>\n<\/blockquote>\n\n\n\n<blockquote class=\"wp-block-quote alignwide is-layout-flow wp-block-quote-is-layout-flow\">\n<p class=\"has-small-font-size\">Zus\u00e4tzlich stellt der SBS die <strong>Lernplattform SBS-moodle<\/strong> zur Verf\u00fcgung. Diese weitverbreitete Open-Source-L\u00f6sung erm\u00f6glicht sowohl \u00f6ffentliche als auch geschlossene E-Learning-Kurse. Die zentrale Pflege durch den SBS entlastet Schulen, die sich lediglich um die Verwaltung der Benutzer und die Kursinhalte k\u00fcmmern m\u00fcssen. Damit bietet moodle eine unkomplizierte M\u00f6glichkeit zur Online-Zusammenarbeit zwischen Lehrern und Sch\u00fclern.<\/p>\n<\/blockquote>\n\n\n\n<blockquote class=\"wp-block-quote alignwide is-layout-flow wp-block-quote-is-layout-flow\">\n<p class=\"has-small-font-size\">Ein weiterer Dienst ist das <strong>WIKI<\/strong>, das es Gruppen erm\u00f6glicht, Informationen zu sammeln, zu strukturieren und zu ver\u00f6ffentlichen. Mit einfacher Handhabung und einer automatisch dokumentierten Historie eignet sich das WIKI hervorragend f\u00fcr Wissensmanagement und Projektarbeit. Der SBS \u00fcbernimmt die Grundinstallation und Pflege der Software.<\/p>\n<\/blockquote>\n\n\n\n<blockquote class=\"wp-block-quote alignwide is-layout-flow wp-block-quote-is-layout-flow\">\n<p class=\"has-small-font-size\">Arbeiten Sie lieber nach der Kanban-Methode, dann k\u00f6nnen Sie unseren Dienst <strong>WeKan<\/strong> nutzen, der derzeit im Pilotbetrieb l\u00e4uft. Damit k\u00f6nnen Sie Ihre Projekte strukturiert planen und gut visualisieren. Wir setzen die Open-Source-L\u00f6sung WeKan ein. Der SBS \u00fcbernimmt auch hier die Grundinstallation und Pflege der Software.<\/p>\n<\/blockquote>\n\n\n\n<p><\/p>\n\n\n\n<blockquote class=\"wp-block-quote alignwide is-layout-flow wp-block-quote-is-layout-flow\">\n<p class=\"has-small-font-size\">Schlie\u00dflich stellt der SBS ein <strong>Umfragetool<\/strong> zur Verf\u00fcgung, das mit Limesurvey ein effektives Werkzeug f\u00fcr Qualit\u00e4tsmanagement und Datenanalyse bietet. Schulen k\u00f6nnen damit Zusammenh\u00e4nge erheben und auswerten, die f\u00fcr die Verbesserung von Prozessen und Angeboten wichtig sind.<\/p>\n<\/blockquote>\n<\/div>\n\n\n\n<div class=\"wp-block-column is-layout-flow wp-block-column-is-layout-flow\">\n<div class=\"wp-block-media-text has-media-on-the-right\" style=\"grid-template-columns:auto 15%\"><div class=\"wp-block-media-text__content\">\n<p>Um die Dienste des SBS nutzen zu k\u00f6nnen, f\u00fcllen Sie bitte das untenstehende Formular aus.<br>Der weitere Ablauf ist im Bild dargestellt und Sie erhalten entsprechende E-Mails.<\/p>\n<\/div><figure class=\"wp-block-media-text__media\"><a href=\"https:\/\/service.sachsen.schule\/sbs\/wp-content\/uploads\/2025\/11\/prozess_antrag.pdf\" target=\"_blank\" rel=\" noreferrer noopener\"><img loading=\"lazy\" decoding=\"async\" width=\"718\" height=\"1024\" src=\"https:\/\/service.sachsen.schule\/sbs\/wp-content\/uploads\/2025\/11\/prozess_antrag-1-718x1024.png\" alt=\"\u00dcbersicht Flow Dienst beantragen\" class=\"wp-image-1267 size-full\" srcset=\"https:\/\/service.sachsen.schule\/sbs\/wp-content\/uploads\/2025\/11\/prozess_antrag-1-718x1024.png 718w, https:\/\/service.sachsen.schule\/sbs\/wp-content\/uploads\/2025\/11\/prozess_antrag-1-210x300.png 210w, https:\/\/service.sachsen.schule\/sbs\/wp-content\/uploads\/2025\/11\/prozess_antrag-1-768x1096.png 768w, https:\/\/service.sachsen.schule\/sbs\/wp-content\/uploads\/2025\/11\/prozess_antrag-1-1076x1536.png 1076w, https:\/\/service.sachsen.schule\/sbs\/wp-content\/uploads\/2025\/11\/prozess_antrag-1-1435x2048.png 1435w, https:\/\/service.sachsen.schule\/sbs\/wp-content\/uploads\/2025\/11\/prozess_antrag-1.png 1677w\" sizes=\"auto, (max-width: 718px) 100vw, 718px\" \/><\/a><\/figure><\/div>\n\n\n\n<iframe src=\"https:\/\/service.sachsen.schule\/api\/antrag.php\" style=\"border:none; width: 100%; height:110%;\"><\/iframe>\n<\/div>\n<\/div>\n\n\n\n<div style=\"height:300px\" aria-hidden=\"true\" class=\"wp-block-spacer\"><\/div>\n\n\n\n<div style=\"height:100px\" aria-hidden=\"true\" class=\"wp-block-spacer\"><\/div>\n","protected":false},"excerpt":{"rendered":"<p>Der SBS (S\u00e4chsischer Bildungsserver) bietet eine Vielzahl von Diensten zur Unterst\u00fctzung von Schulen in Sachsen an. Im Mittelpunkt steht unser SchulCMS ein Homepagebaukasten, der auf dem Content-Management-System TYPO3 basiert. Dieser erm\u00f6glicht es Schulen, ihre Webseiten eigenst\u00e4ndig zu gestalten und zu verwalten, ohne dass umfangreiche Programmierkenntnisse erforderlich sind. Die zentral vom SBS gepflegte Infrastruktur sorgt daf\u00fcr, [&hellip;]<\/p>\n","protected":false},"author":3,"featured_media":562,"parent":0,"menu_order":0,"comment_status":"closed","ping_status":"closed","template":"","meta":{"footnotes":""},"class_list":["post-1127","page","type-page","status-publish","has-post-thumbnail","hentry"],"_links":{"self":[{"href":"https:\/\/service.sachsen.schule\/sbs\/wp-json\/wp\/v2\/pages\/1127","targetHints":{"allow":["GET"]}}],"collection":[{"href":"https:\/\/service.sachsen.schule\/sbs\/wp-json\/wp\/v2\/pages"}],"about":[{"href":"https:\/\/service.sachsen.schule\/sbs\/wp-json\/wp\/v2\/types\/page"}],"author":[{"embeddable":true,"href":"https:\/\/service.sachsen.schule\/sbs\/wp-json\/wp\/v2\/users\/3"}],"replies":[{"embeddable":true,"href":"https:\/\/service.sachsen.schule\/sbs\/wp-json\/wp\/v2\/comments?post=1127"}],"version-history":[{"count":23,"href":"https:\/\/service.sachsen.schule\/sbs\/wp-json\/wp\/v2\/pages\/1127\/revisions"}],"predecessor-version":[{"id":1278,"href":"https:\/\/service.sachsen.schule\/sbs\/wp-json\/wp\/v2\/pages\/1127\/revisions\/1278"}],"wp:featuredmedia":[{"embeddable":true,"href":"https:\/\/service.sachsen.schule\/sbs\/wp-json\/wp\/v2\/media\/562"}],"wp:attachment":[{"href":"https:\/\/service.sachsen.schule\/sbs\/wp-json\/wp\/v2\/media?parent=1127"}],"curies":[{"name":"wp","href":"https:\/\/api.w.org\/{rel}","templated":true}]}}